{"id":3101,"date":"2024-09-11T13:44:30","date_gmt":"2024-09-11T13:44:30","guid":{"rendered":"https:\/\/cfmoto.tn\/fr\/?page_id=3101"},"modified":"2024-09-13T05:46:04","modified_gmt":"2024-09-13T05:46:04","slug":"facture-proforma","status":"publish","type":"page","link":"https:\/\/cfmoto.tn\/fr\/facture-proforma\/","title":{"rendered":"FACTURE PROFORMA"},"content":{"rendered":"\t\t<div data-elementor-type=\"wp-page\" data-elementor-id=\"3101\" class=\"elementor elementor-3101\">\n\t\t\t\t\t\t\t\t\t<section class=\"elementor-section elementor-top-section elementor-element elementor-element-c7f03ea elementor-section-full_width elementor-section-height-default elementor-section-height-default\" data-id=\"c7f03ea\" data-element_type=\"section\">\n\t\t\t\t\t\t<div class=\"elementor-container elementor-column-gap-default\">\n\t\t\t\t\t<div class=\"elementor-column elementor-col-100 elementor-top-column elementor-element elementor-element-403ae25\" data-id=\"403ae25\" data-element_type=\"column\">\n\t\t\t<div class=\"elementor-widget-wrap\">\n\t\t\t\t\t\t\t\t\t<\/div>\n\t\t<\/div>\n\t\t\t\t\t\t\t<\/div>\n\t\t<\/section>\n\t\t\t\t<section class=\"elementor-section elementor-top-section elementor-element elementor-element-24fa830 elementor-section-boxed elementor-section-height-default elementor-section-height-default\" data-id=\"24fa830\" data-element_type=\"section\">\n\t\t\t\t\t\t<div class=\"elementor-container elementor-column-gap-default\">\n\t\t\t\t\t<div class=\"elementor-column elementor-col-100 elementor-top-column elementor-element elementor-element-770543b\" data-id=\"770543b\" data-element_type=\"column\">\n\t\t\t<div class=\"elementor-widget-wrap elementor-element-populated\">\n\t\t\t\t\t\t\t\t<div class=\"elementor-element elementor-element-7319219 elementor-widget elementor-widget-wpforms\" data-id=\"7319219\" data-element_type=\"widget\" data-widget_type=\"wpforms.default\">\n\t\t\t\t<div class=\"elementor-widget-container\">\n\t\t\t<style id=\"wpforms-css-vars-root\">\n\t\t\t\t:root {\n\t\t\t\t\t--wpforms-field-border-radius: 3px;\n--wpforms-field-background-color: #ffffff;\n--wpforms-field-border-color: rgba( 0, 0, 0, 0.25 );\n--wpforms-field-text-color: rgba( 0, 0, 0, 0.7 );\n--wpforms-label-color: rgba( 0, 0, 0, 0.85 );\n--wpforms-label-sublabel-color: rgba( 0, 0, 0, 0.55 );\n--wpforms-label-error-color: #d63637;\n--wpforms-button-border-radius: 3px;\n--wpforms-button-background-color: #066aab;\n--wpforms-button-text-color: #ffffff;\n--wpforms-field-size-input-height: 43px;\n--wpforms-field-size-input-spacing: 15px;\n--wpforms-field-size-font-size: 16px;\n--wpforms-field-size-line-height: 19px;\n--wpforms-field-size-padding-h: 14px;\n--wpforms-field-size-checkbox-size: 16px;\n--wpforms-field-size-sublabel-spacing: 5px;\n--wpforms-field-size-icon-size: 1;\n--wpforms-label-size-font-size: 16px;\n--wpforms-label-size-line-height: 19px;\n--wpforms-label-size-sublabel-font-size: 14px;\n--wpforms-label-size-sublabel-line-height: 17px;\n--wpforms-button-size-font-size: 17px;\n--wpforms-button-size-height: 41px;\n--wpforms-button-size-padding-h: 15px;\n--wpforms-button-size-margin-top: 10px;\n\n\t\t\t\t}\n\t\t\t<\/style><div class=\"wpforms-container wpforms-container-full wpforms-render-modern\" id=\"wpforms-3270\"><form id=\"wpforms-form-3270\" class=\"wpforms-validate wpforms-form wpforms-ajax-form\" data-formid=\"3270\" method=\"post\" enctype=\"multipart\/form-data\" action=\"\/fr\/wp-json\/wp\/v2\/pages\/3101\" data-token=\"c0d369f96bababda9e67b52ec790c440\"><noscript class=\"wpforms-error-noscript\">Veuillez activer JavaScript dans votre navigateur pour remplir ce formulaire.<\/noscript><div class=\"wpforms-hidden\" id=\"wpforms-error-noscript\">Veuillez activer JavaScript dans votre navigateur pour remplir ce formulaire.<\/div><div class=\"wpforms-field-container\"><div id=\"wpforms-3270-field_1-container\" class=\"wpforms-field wpforms-field-text\" data-field-id=\"1\"><label class=\"wpforms-field-label\" for=\"wpforms-3270-field_1\">Nom de votre Entreprise :<\/label><input type=\"text\" id=\"wpforms-3270-field_1\" class=\"wpforms-field-large\" name=\"wpforms[fields][1]\" aria-errormessage=\"wpforms-3270-field_1-error\" ><\/div><div id=\"wpforms-3270-field_6-container\" class=\"wpforms-field wpforms-field-text\" data-field-id=\"6\"><label class=\"wpforms-field-label\" for=\"wpforms-3270-field_6\">Votre Nom &amp; Pr\u00e9nom : <span class=\"wpforms-required-label\" aria-hidden=\"true\">*<\/span><\/label><input type=\"text\" id=\"wpforms-3270-field_6\" class=\"wpforms-field-large wpforms-field-required\" name=\"wpforms[fields][6]\" aria-errormessage=\"wpforms-3270-field_6-error\" required><\/div><div id=\"wpforms-3270-field_2-container\" class=\"wpforms-field wpforms-field-text\" data-field-id=\"2\"><label class=\"wpforms-field-label\" for=\"wpforms-3270-field_2\">T\u00e9l\u00e9phone : <span class=\"wpforms-required-label\" aria-hidden=\"true\">*<\/span><\/label><input type=\"text\" id=\"wpforms-3270-field_2\" class=\"wpforms-field-large wpforms-field-required\" name=\"wpforms[fields][2]\" aria-errormessage=\"wpforms-3270-field_2-error\" required><\/div><div id=\"wpforms-3270-field_4-container\" class=\"wpforms-field wpforms-field-email\" data-field-id=\"4\"><label class=\"wpforms-field-label\" for=\"wpforms-3270-field_4\">Email <span class=\"wpforms-required-label\" aria-hidden=\"true\">*<\/span><\/label><input type=\"email\" id=\"wpforms-3270-field_4\" class=\"wpforms-field-large wpforms-field-required\" name=\"wpforms[fields][4]\" spellcheck=\"false\" aria-errormessage=\"wpforms-3270-field_4-error\" required><\/div><div id=\"wpforms-3270-field_5-container\" class=\"wpforms-field wpforms-field-text\" data-field-id=\"5\"><label class=\"wpforms-field-label\" for=\"wpforms-3270-field_5\">Adresse : <span class=\"wpforms-required-label\" aria-hidden=\"true\">*<\/span><\/label><input type=\"text\" id=\"wpforms-3270-field_5\" class=\"wpforms-field-large wpforms-field-required\" name=\"wpforms[fields][5]\" aria-errormessage=\"wpforms-3270-field_5-error\" required><\/div><div id=\"wpforms-3270-field_7-container\" class=\"wpforms-field wpforms-field-radio\" data-field-id=\"7\"><fieldset><legend class=\"wpforms-field-label\">Veuillez choisir le type de moto :<\/legend><ul id=\"wpforms-3270-field_7\"><li class=\"choice-17 depth-1\"><input type=\"radio\" id=\"wpforms-3270-field_7_17\" name=\"wpforms[fields][7]\" value=\"125NK\" aria-errormessage=\"wpforms-3270-field_7_17-error\"  ><label class=\"wpforms-field-label-inline\" for=\"wpforms-3270-field_7_17\">125NK<\/label><\/li><li class=\"choice-18 depth-1\"><input type=\"radio\" id=\"wpforms-3270-field_7_18\" name=\"wpforms[fields][7]\" value=\"675SR-R\" aria-errormessage=\"wpforms-3270-field_7_18-error\"  ><label class=\"wpforms-field-label-inline\" for=\"wpforms-3270-field_7_18\">675SR-R<\/label><\/li><li class=\"choice-19 depth-1\"><input type=\"radio\" id=\"wpforms-3270-field_7_19\" name=\"wpforms[fields][7]\" value=\"800MT-X\" aria-errormessage=\"wpforms-3270-field_7_19-error\"  ><label class=\"wpforms-field-label-inline\" for=\"wpforms-3270-field_7_19\">800MT-X<\/label><\/li><li class=\"choice-1 depth-1\"><input type=\"radio\" id=\"wpforms-3270-field_7_1\" name=\"wpforms[fields][7]\" value=\"450MT\" aria-errormessage=\"wpforms-3270-field_7_1-error\"  ><label class=\"wpforms-field-label-inline\" for=\"wpforms-3270-field_7_1\">450MT<\/label><\/li><li class=\"choice-2 depth-1\"><input type=\"radio\" id=\"wpforms-3270-field_7_2\" name=\"wpforms[fields][7]\" value=\"700MT\" aria-errormessage=\"wpforms-3270-field_7_2-error\"  ><label class=\"wpforms-field-label-inline\" for=\"wpforms-3270-field_7_2\">700MT<\/label><\/li><li class=\"choice-3 depth-1\"><input type=\"radio\" id=\"wpforms-3270-field_7_3\" name=\"wpforms[fields][7]\" value=\"800MT Explore\" aria-errormessage=\"wpforms-3270-field_7_3-error\"  ><label class=\"wpforms-field-label-inline\" for=\"wpforms-3270-field_7_3\">800MT Explore<\/label><\/li><li class=\"choice-5 depth-1\"><input type=\"radio\" id=\"wpforms-3270-field_7_5\" name=\"wpforms[fields][7]\" value=\"700CL-X Sport\" aria-errormessage=\"wpforms-3270-field_7_5-error\"  ><label class=\"wpforms-field-label-inline\" for=\"wpforms-3270-field_7_5\">700CL-X Sport<\/label><\/li><li class=\"choice-7 depth-1\"><input type=\"radio\" id=\"wpforms-3270-field_7_7\" name=\"wpforms[fields][7]\" value=\"450CL-C\" aria-errormessage=\"wpforms-3270-field_7_7-error\"  ><label class=\"wpforms-field-label-inline\" for=\"wpforms-3270-field_7_7\">450CL-C<\/label><\/li><li class=\"choice-8 depth-1\"><input type=\"radio\" id=\"wpforms-3270-field_7_8\" name=\"wpforms[fields][7]\" value=\"450CL-C-BOBBER\" aria-errormessage=\"wpforms-3270-field_7_8-error\"  ><label class=\"wpforms-field-label-inline\" for=\"wpforms-3270-field_7_8\">450CL-C-BOBBER<\/label><\/li><li class=\"choice-10 depth-1\"><input type=\"radio\" id=\"wpforms-3270-field_7_10\" name=\"wpforms[fields][7]\" value=\"800NK\" aria-errormessage=\"wpforms-3270-field_7_10-error\"  ><label class=\"wpforms-field-label-inline\" for=\"wpforms-3270-field_7_10\">800NK<\/label><\/li><li class=\"choice-11 depth-1\"><input type=\"radio\" id=\"wpforms-3270-field_7_11\" name=\"wpforms[fields][7]\" value=\"300NK\" aria-errormessage=\"wpforms-3270-field_7_11-error\"  ><label class=\"wpforms-field-label-inline\" for=\"wpforms-3270-field_7_11\">300NK<\/label><\/li><li class=\"choice-12 depth-1\"><input type=\"radio\" id=\"wpforms-3270-field_7_12\" name=\"wpforms[fields][7]\" value=\"450SR\" aria-errormessage=\"wpforms-3270-field_7_12-error\"  ><label class=\"wpforms-field-label-inline\" for=\"wpforms-3270-field_7_12\">450SR<\/label><\/li><li class=\"choice-15 depth-1\"><input type=\"radio\" id=\"wpforms-3270-field_7_15\" name=\"wpforms[fields][7]\" value=\"150SC\" aria-errormessage=\"wpforms-3270-field_7_15-error\"  ><label class=\"wpforms-field-label-inline\" for=\"wpforms-3270-field_7_15\">150SC<\/label><\/li><li class=\"choice-16 depth-1\"><input type=\"radio\" id=\"wpforms-3270-field_7_16\" name=\"wpforms[fields][7]\" value=\"CX-5E\" aria-errormessage=\"wpforms-3270-field_7_16-error\"  ><label class=\"wpforms-field-label-inline\" for=\"wpforms-3270-field_7_16\">CX-5E<\/label><\/li><\/ul><\/fieldset><\/div><\/div><!-- .wpforms-field-container --><div class=\"wpforms-submit-container\" ><input type=\"hidden\" name=\"wpforms[id]\" value=\"3270\"><input type=\"hidden\" name=\"wpforms[author]\" value=\"1\"><button type=\"submit\" name=\"wpforms[submit]\" id=\"wpforms-submit-3270\" class=\"wpforms-submit\" data-alt-text=\"En cours de Traitement ...\" data-submit-text=\"DEMANDE FACTURE\" aria-live=\"assertive\" value=\"wpforms-submit\">DEMANDE FACTURE<\/button><img loading=\"lazy\" decoding=\"async\" src=\"https:\/\/cfmoto.tn\/fr\/wp-content\/plugins\/wpforms\/assets\/images\/submit-spin.svg\" class=\"wpforms-submit-spinner\" style=\"display: none;\" width=\"26\" height=\"26\" alt=\"Chargement en cours\"><\/div><\/form><\/div>  <!-- .wpforms-container -->\t\t<\/div>\n\t\t\t\t<\/div>\n\t\t\t\t\t<\/div>\n\t\t<\/div>\n\t\t\t\t\t\t\t<\/div>\n\t\t<\/section>\n\t\t\t\t\t\t\t<\/div>\n\t\t","protected":false},"excerpt":{"rendered":"<p>Please enable JavaScript in your browser to complete this form.Please enable JavaScript in your browser to complete this form.Nom de votre EntrepriseVotre Nom &amp; Pr\u00e9nom *T\u00e9l\u00e9phone *Email *Adresse * Gamme Moto 450MT 700MT 800MT Explore 700CL-X Adventure 700CL-X Sport 450CL-C 450CL-C-BOBBER 250CL-C 800NK 300NK 450SR 500SR VOOM 1250TR-G 150SC CX-5E DEMANDE FACTURE<\/p>\n","protected":false},"author":1,"featured_media":1986,"parent":0,"menu_order":0,"comment_status":"closed","ping_status":"closed","template":"","meta":{"footnotes":""},"class_list":["post-3101","page","type-page","status-publish","has-post-thumbnail","hentry"],"aioseo_notices":[],"_links":{"self":[{"href":"https:\/\/cfmoto.tn\/fr\/wp-json\/wp\/v2\/pages\/3101","targetHints":{"allow":["GET"]}}],"collection":[{"href":"https:\/\/cfmoto.tn\/fr\/wp-json\/wp\/v2\/pages"}],"about":[{"href":"https:\/\/cfmoto.tn\/fr\/wp-json\/wp\/v2\/types\/page"}],"author":[{"embeddable":true,"href":"https:\/\/cfmoto.tn\/fr\/wp-json\/wp\/v2\/users\/1"}],"replies":[{"embeddable":true,"href":"https:\/\/cfmoto.tn\/fr\/wp-json\/wp\/v2\/comments?post=3101"}],"version-history":[{"count":33,"href":"https:\/\/cfmoto.tn\/fr\/wp-json\/wp\/v2\/pages\/3101\/revisions"}],"predecessor-version":[{"id":3280,"href":"https:\/\/cfmoto.tn\/fr\/wp-json\/wp\/v2\/pages\/3101\/revisions\/3280"}],"wp:featuredmedia":[{"embeddable":true,"href":"https:\/\/cfmoto.tn\/fr\/wp-json\/wp\/v2\/media\/1986"}],"wp:attachment":[{"href":"https:\/\/cfmoto.tn\/fr\/wp-json\/wp\/v2\/media?parent=3101"}],"curies":[{"name":"wp","href":"https:\/\/api.w.org\/{rel}","templated":true}]}}