{"id":3539,"date":"2024-10-21T08:28:55","date_gmt":"2024-10-21T08:28:55","guid":{"rendered":"https:\/\/cfmoto.tn\/fr\/?page_id=3539"},"modified":"2024-10-21T09:03:49","modified_gmt":"2024-10-21T09:03:49","slug":"atelier","status":"publish","type":"page","link":"https:\/\/cfmoto.tn\/fr\/atelier\/","title":{"rendered":"Atelier"},"content":{"rendered":"\t\t<div data-elementor-type=\"wp-page\" data-elementor-id=\"3539\" class=\"elementor elementor-3539\">\n\t\t\t\t\t\t\t\t\t<section class=\"elementor-section elementor-top-section elementor-element elementor-element-1c6c48cc elementor-section-stretched elementor-section-boxed elementor-section-height-default elementor-section-height-default\" data-id=\"1c6c48cc\" data-element_type=\"section\" data-settings=\"{&quot;stretch_section&quot;:&quot;section-stretched&quot;,&quot;background_background&quot;:&quot;classic&quot;}\">\n\t\t\t\t\t\t<div class=\"elementor-container elementor-column-gap-default\">\n\t\t\t\t\t<div class=\"elementor-column elementor-col-50 elementor-top-column elementor-element elementor-element-7989b185\" data-id=\"7989b185\" data-element_type=\"column\">\n\t\t\t<div class=\"elementor-widget-wrap elementor-element-populated\">\n\t\t\t\t\t\t\t\t<div class=\"elementor-element elementor-element-6b1c94a elementor-widget elementor-widget-image\" data-id=\"6b1c94a\" data-element_type=\"widget\" data-widget_type=\"image.default\">\n\t\t\t\t<div class=\"elementor-widget-container\">\n\t\t\t<style>\/*! elementor - v3.11.3 - 07-03-2023 *\/\n.elementor-widget-image{text-align:center}.elementor-widget-image a{display:inline-block}.elementor-widget-image a img[src$=\".svg\"]{width:48px}.elementor-widget-image img{vertical-align:middle;display:inline-block}<\/style>\t\t\t\t\t\t\t\t\t\t\t\t<img loading=\"lazy\" decoding=\"async\" width=\"978\" height=\"542\" src=\"https:\/\/cfmoto.tn\/fr\/wp-content\/uploads\/2024\/10\/cfmoto_tunisia-1.jpg\" class=\"attachment-large size-large wp-image-3567\" alt=\"\" srcset=\"https:\/\/cfmoto.tn\/fr\/wp-content\/uploads\/2024\/10\/cfmoto_tunisia-1.jpg 978w, https:\/\/cfmoto.tn\/fr\/wp-content\/uploads\/2024\/10\/cfmoto_tunisia-1-300x166.jpg 300w, https:\/\/cfmoto.tn\/fr\/wp-content\/uploads\/2024\/10\/cfmoto_tunisia-1-768x426.jpg 768w\" sizes=\"auto, (max-width: 978px) 100vw, 978px\" \/>\t\t\t\t\t\t\t\t\t\t\t\t\t\t\t<\/div>\n\t\t\t\t<\/div>\n\t\t\t\t<div class=\"elementor-element elementor-element-1752430 elementor-widget elementor-widget-themedraft_text\" data-id=\"1752430\" data-element_type=\"widget\" data-widget_type=\"themedraft_text.default\">\n\t\t\t\t<div class=\"elementor-widget-container\">\n\t\t\t\n\t\t<div class=\"td-text-wrapper\">\n\t\t\t<p style=\"text-align: left;\">Notre objectif, vous donner satisfaction, quel que soit votre besoin.<\/p>\n            \t\t<\/div>\n\n\t\t\t\t<\/div>\n\t\t\t\t<\/div>\n\t\t\t\t\t<\/div>\n\t\t<\/div>\n\t\t\t\t<div class=\"elementor-column elementor-col-50 elementor-top-column elementor-element elementor-element-1d4557d1\" data-id=\"1d4557d1\" data-element_type=\"column\">\n\t\t\t<div class=\"elementor-widget-wrap elementor-element-populated\">\n\t\t\t\t\t\t\t\t<div class=\"elementor-element elementor-element-457b246 elementor-widget elementor-widget-heading\" data-id=\"457b246\" data-element_type=\"widget\" data-widget_type=\"heading.default\">\n\t\t\t\t<div class=\"elementor-widget-container\">\n\t\t\t<style>\/*! elementor - v3.11.3 - 07-03-2023 *\/\n.elementor-heading-title{padding:0;margin:0;line-height:1}.elementor-widget-heading .elementor-heading-title[class*=elementor-size-]>a{color:inherit;font-size:inherit;line-height:inherit}.elementor-widget-heading .elementor-heading-title.elementor-size-small{font-size:15px}.elementor-widget-heading .elementor-heading-title.elementor-size-medium{font-size:19px}.elementor-widget-heading .elementor-heading-title.elementor-size-large{font-size:29px}.elementor-widget-heading .elementor-heading-title.elementor-size-xl{font-size:39px}.elementor-widget-heading .elementor-heading-title.elementor-size-xxl{font-size:59px}<\/style><h4 class=\"elementor-heading-title elementor-size-default\">Entretien de vos motos<\/h4>\t\t<\/div>\n\t\t\t\t<\/div>\n\t\t\t\t<div class=\"elementor-element elementor-element-f36e560 elementor-widget elementor-widget-themedraft_text\" data-id=\"f36e560\" data-element_type=\"widget\" data-widget_type=\"themedraft_text.default\">\n\t\t\t\t<div class=\"elementor-widget-container\">\n\t\t\t\n\t\t<div class=\"td-text-wrapper\">\n\t\t\t<p style=\"text-align: left;\">Faites entretenir votre moto dans notre atelier CFMOTO TUNISIA<\/p><p style=\"text-align: left;\">Nous vous proposons des tarifs d\u2019entretien clairs et d\u00e9taill\u00e9s, Nos m\u00e9caniciens sont des techniciens comp\u00e9tents, form\u00e9s continuellement aux nouvelles technologies, aguerris \u00e0 un diagnostic exact. Ils sont \u00e9quip\u00e9s de tous les outils sp\u00e9cifiques et n\u00e9cessaires \u00e0 des prestations de qualit\u00e9<\/p><p style=\"text-align: left;\">Nous utilisons \u00e9galement des pi\u00e8ces et accessoires d\u2019origine des plus grandes marques de motos toutes marques<\/p><p style=\"text-align: left;\">En faisant confiance \u00e0 CFMOTO TUNISIA, vous vous assurez que les programmes d\u2019entretien de votre moto ou scooter seront assur\u00e9s et que les points de contr\u00f4le seront syst\u00e9matiquement v\u00e9rifi\u00e9s<\/p>\n            \t\t<\/div>\n\n\t\t\t\t<\/div>\n\t\t\t\t<\/div>\n\t\t\t\t\t<\/div>\n\t\t<\/div>\n\t\t\t\t\t\t\t<\/div>\n\t\t<\/section>\n\t\t\t\t<section class=\"elementor-section elementor-top-section elementor-element elementor-element-554fddc elementor-section-stretched elementor-section-height-min-height elementor-section-boxed elementor-section-height-default elementor-section-items-middle\" data-id=\"554fddc\" data-element_type=\"section\" data-settings=\"{&quot;stretch_section&quot;:&quot;section-stretched&quot;,&quot;background_background&quot;:&quot;slideshow&quot;,&quot;background_slideshow_ken_burns&quot;:&quot;yes&quot;,&quot;background_slideshow_gallery&quot;:[{&quot;id&quot;:3476,&quot;url&quot;:&quot;https:\\\/\\\/cfmoto.tn\\\/fr\\\/wp-content\\\/uploads\\\/2024\\\/10\\\/cfmoto_tunisia.jpg&quot;}],&quot;background_slideshow_slide_transition&quot;:&quot;slide_left&quot;,&quot;background_slideshow_slide_duration&quot;:5000,&quot;background_slideshow_transition_duration&quot;:500,&quot;background_slideshow_ken_burns_zoom_direction&quot;:&quot;in&quot;}\">\n\t\t\t\t\t\t\t<div class=\"elementor-background-overlay\"><\/div>\n\t\t\t\t\t\t\t<div class=\"elementor-container elementor-column-gap-default\">\n\t\t\t\t\t<div class=\"elementor-column elementor-col-100 elementor-top-column elementor-element elementor-element-3f296ca\" data-id=\"3f296ca\" data-element_type=\"column\">\n\t\t\t<div class=\"elementor-widget-wrap elementor-element-populated\">\n\t\t\t\t\t\t\t\t<div class=\"elementor-element elementor-element-4303961 elementor-widget elementor-widget-heading\" data-id=\"4303961\" data-element_type=\"widget\" data-widget_type=\"heading.default\">\n\t\t\t\t<div class=\"elementor-widget-container\">\n\t\t\t<h4 class=\"elementor-heading-title elementor-size-default\">Un atelier sp\u00e9cialis\u00e9<br\/>\npour tous vos 2 roues<\/h4>\t\t<\/div>\n\t\t\t\t<\/div>\n\t\t\t\t<div class=\"elementor-element elementor-element-6b25312 elementor-widget elementor-widget-themedraft_text\" data-id=\"6b25312\" data-element_type=\"widget\" data-settings=\"{&quot;_animation_mobile&quot;:&quot;fadeInDown&quot;}\" data-widget_type=\"themedraft_text.default\">\n\t\t\t\t<div class=\"elementor-widget-container\">\n\t\t\t\n\t\t<div class=\"td-text-wrapper\">\n\t\t\t<p>B\u00e9n\u00e9ficiez d\u2019un atelier complet et \u00e9quip\u00e9 pour l\u2019entretien de votre moto ou scooter toute marque<\/p><p>Prenez rendez-vous en ligne chez CFMOTO TUNISIA pour l\u2019entretien de votre motos d\u00e8s maintenant<\/p>\n            \t\t<\/div>\n\n\t\t\t\t<\/div>\n\t\t\t\t<\/div>\n\t\t\t\t<div class=\"elementor-element elementor-element-7f7d9d7 elementor-widget elementor-widget-button\" data-id=\"7f7d9d7\" data-element_type=\"widget\" data-widget_type=\"button.default\">\n\t\t\t\t<div class=\"elementor-widget-container\">\n\t\t\t\t\t<div class=\"elementor-button-wrapper\">\n\t\t\t<a href=\"#ICI\" class=\"elementor-button-link elementor-button elementor-size-lg\" role=\"button\">\n\t\t\t\t\t\t<span class=\"elementor-button-content-wrapper\">\n\t\t\t\t\t\t<span class=\"elementor-button-text\">Prenez rendez-vous<\/span>\n\t\t<\/span>\n\t\t\t\t\t<\/a>\n\t\t<\/div>\n\t\t\t\t<\/div>\n\t\t\t\t<\/div>\n\t\t\t\t<div class=\"elementor-element elementor-element-b9450f8 elementor-widget elementor-widget-spacer\" data-id=\"b9450f8\" data-element_type=\"widget\" data-widget_type=\"spacer.default\">\n\t\t\t\t<div class=\"elementor-widget-container\">\n\t\t\t<style>\/*! elementor - v3.11.3 - 07-03-2023 *\/\n.elementor-column .elementor-spacer-inner{height:var(--spacer-size)}.e-con{--container-widget-width:100%}.e-con-inner>.elementor-widget-spacer,.e-con>.elementor-widget-spacer{width:var(--container-widget-width,var(--spacer-size));--align-self:var(--container-widget-align-self,initial);--flex-shrink:0}.e-con-inner>.elementor-widget-spacer>.elementor-widget-container,.e-con-inner>.elementor-widget-spacer>.elementor-widget-container>.elementor-spacer,.e-con>.elementor-widget-spacer>.elementor-widget-container,.e-con>.elementor-widget-spacer>.elementor-widget-container>.elementor-spacer{height:100%}.e-con-inner>.elementor-widget-spacer>.elementor-widget-container>.elementor-spacer>.elementor-spacer-inner,.e-con>.elementor-widget-spacer>.elementor-widget-container>.elementor-spacer>.elementor-spacer-inner{height:var(--container-widget-height,var(--spacer-size))}<\/style>\t\t<div class=\"elementor-spacer\">\n\t\t\t<div class=\"elementor-spacer-inner\"><\/div>\n\t\t<\/div>\n\t\t\t\t<\/div>\n\t\t\t\t<\/div>\n\t\t\t\t\t<\/div>\n\t\t<\/div>\n\t\t\t\t\t\t\t<\/div>\n\t\t<\/section>\n\t\t\t\t<section class=\"elementor-section elementor-top-section elementor-element elementor-element-5816e15 elementor-section-stretched elementor-section-boxed elementor-section-height-default elementor-section-height-default\" data-id=\"5816e15\" data-element_type=\"section\" data-settings=\"{&quot;stretch_section&quot;:&quot;section-stretched&quot;,&quot;background_background&quot;:&quot;classic&quot;}\">\n\t\t\t\t\t\t<div class=\"elementor-container elementor-column-gap-default\">\n\t\t\t\t\t<div class=\"elementor-column elementor-col-50 elementor-top-column elementor-element elementor-element-73507ad\" data-id=\"73507ad\" data-element_type=\"column\">\n\t\t\t<div class=\"elementor-widget-wrap elementor-element-populated\">\n\t\t\t\t\t\t\t\t<div class=\"elementor-element elementor-element-17fb8c2 elementor-widget elementor-widget-heading\" data-id=\"17fb8c2\" data-element_type=\"widget\" data-widget_type=\"heading.default\">\n\t\t\t\t<div class=\"elementor-widget-container\">\n\t\t\t<h4 class=\"elementor-heading-title elementor-size-default\">Contactez-nous pour l'entretien de votre moto ou scooter.<\/h4>\t\t<\/div>\n\t\t\t\t<\/div>\n\t\t\t\t<div class=\"elementor-element elementor-element-d76155a elementor-widget elementor-widget-button\" data-id=\"d76155a\" data-element_type=\"widget\" data-widget_type=\"button.default\">\n\t\t\t\t<div class=\"elementor-widget-container\">\n\t\t\t\t\t<div class=\"elementor-button-wrapper\">\n\t\t\t<a href=\"https:\/\/cfmoto.tn\/fr\/contact\/\" class=\"elementor-button-link elementor-button elementor-size-lg\" role=\"button\" id=\"ICI\">\n\t\t\t\t\t\t<span class=\"elementor-button-content-wrapper\">\n\t\t\t\t\t\t\t<span class=\"elementor-button-icon elementor-align-icon-left\">\n\t\t\t\t<i aria-hidden=\"true\" class=\"fas fa-location-arrow\"><\/i>\t\t\t<\/span>\n\t\t\t\t\t\t<span class=\"elementor-button-text\">Nos Coordonn\u00e9es<\/span>\n\t\t<\/span>\n\t\t\t\t\t<\/a>\n\t\t<\/div>\n\t\t\t\t<\/div>\n\t\t\t\t<\/div>\n\t\t\t\t<div class=\"elementor-element elementor-element-3353596 elementor-widget elementor-widget-button\" data-id=\"3353596\" data-element_type=\"widget\" data-widget_type=\"button.default\">\n\t\t\t\t<div class=\"elementor-widget-container\">\n\t\t\t\t\t<div class=\"elementor-button-wrapper\">\n\t\t\t<a href=\"https:\/\/cfmoto.tn\/fr\/facture-proforma\/\" class=\"elementor-button-link elementor-button elementor-size-lg\" role=\"button\">\n\t\t\t\t\t\t<span class=\"elementor-button-content-wrapper\">\n\t\t\t\t\t\t\t<span class=\"elementor-button-icon elementor-align-icon-left\">\n\t\t\t\t<i aria-hidden=\"true\" class=\"far fa-file-word\"><\/i>\t\t\t<\/span>\n\t\t\t\t\t\t<span class=\"elementor-button-text\">Facture Proforma <\/span>\n\t\t<\/span>\n\t\t\t\t\t<\/a>\n\t\t<\/div>\n\t\t\t\t<\/div>\n\t\t\t\t<\/div>\n\t\t\t\t\t<\/div>\n\t\t<\/div>\n\t\t\t\t<div class=\"elementor-column elementor-col-50 elementor-top-column elementor-element elementor-element-931e8b9\" data-id=\"931e8b9\" data-element_type=\"column\">\n\t\t\t<div class=\"elementor-widget-wrap elementor-element-populated\">\n\t\t\t\t\t\t\t\t<div class=\"elementor-element elementor-element-83257e0 elementor-widget elementor-widget-themedraft_text\" data-id=\"83257e0\" data-element_type=\"widget\" data-widget_type=\"themedraft_text.default\">\n\t\t\t\t<div class=\"elementor-widget-container\">\n\t\t\t\n\t\t<div class=\"td-text-wrapper\">\n\t\t\t<p>Remplissez le formulaire en ligne pour demander un devis ou effectuer une demande de rendez-vous, nous vous r\u00e9pondrons dans les plus brefs d\u00e9lais.<\/p><p>Si vous pr\u00e9f\u00e9rez nous contacter directement par t\u00e9l\u00e9phone, retrouvez toutes nos coordonn\u00e9es dans notre page contact.<\/p>\n            \t\t<\/div>\n\n\t\t\t\t<\/div>\n\t\t\t\t<\/div>\n\t\t\t\t\t<\/div>\n\t\t<\/div>\n\t\t\t\t\t\t\t<\/div>\n\t\t<\/section>\n\t\t\t\t<section class=\"elementor-section elementor-top-section elementor-element elementor-element-5212f44 elementor-section-stretched elementor-section-boxed elementor-section-height-default elementor-section-height-default\" data-id=\"5212f44\" data-element_type=\"section\" data-settings=\"{&quot;stretch_section&quot;:&quot;section-stretched&quot;,&quot;background_background&quot;:&quot;classic&quot;}\">\n\t\t\t\t\t\t<div class=\"elementor-container elementor-column-gap-default\">\n\t\t\t\t\t<div class=\"elementor-column elementor-col-100 elementor-top-column elementor-element elementor-element-330a18a\" data-id=\"330a18a\" data-element_type=\"column\">\n\t\t\t<div class=\"elementor-widget-wrap elementor-element-populated\">\n\t\t\t\t\t\t\t\t<div class=\"elementor-element elementor-element-3d67de8 elementor-widget elementor-widget-wpforms\" data-id=\"3d67de8\" data-element_type=\"widget\" data-widget_type=\"wpforms.default\">\n\t\t\t\t<div class=\"elementor-widget-container\">\n\t\t\t<style id=\"wpforms-css-vars-root\">\n\t\t\t\t:root {\n\t\t\t\t\t--wpforms-field-border-radius: 3px;\n--wpforms-field-background-color: #ffffff;\n--wpforms-field-border-color: rgba( 0, 0, 0, 0.25 );\n--wpforms-field-text-color: rgba( 0, 0, 0, 0.7 );\n--wpforms-label-color: rgba( 0, 0, 0, 0.85 );\n--wpforms-label-sublabel-color: rgba( 0, 0, 0, 0.55 );\n--wpforms-label-error-color: #d63637;\n--wpforms-button-border-radius: 3px;\n--wpforms-button-background-color: #066aab;\n--wpforms-button-text-color: #ffffff;\n--wpforms-field-size-input-height: 43px;\n--wpforms-field-size-input-spacing: 15px;\n--wpforms-field-size-font-size: 16px;\n--wpforms-field-size-line-height: 19px;\n--wpforms-field-size-padding-h: 14px;\n--wpforms-field-size-checkbox-size: 16px;\n--wpforms-field-size-sublabel-spacing: 5px;\n--wpforms-field-size-icon-size: 1;\n--wpforms-label-size-font-size: 16px;\n--wpforms-label-size-line-height: 19px;\n--wpforms-label-size-sublabel-font-size: 14px;\n--wpforms-label-size-sublabel-line-height: 17px;\n--wpforms-button-size-font-size: 17px;\n--wpforms-button-size-height: 41px;\n--wpforms-button-size-padding-h: 15px;\n--wpforms-button-size-margin-top: 10px;\n\n\t\t\t\t}\n\t\t\t<\/style><div class=\"wpforms-container wpforms-container-full wpforms-render-modern\" id=\"wpforms-3507\"><form id=\"wpforms-form-3507\" class=\"wpforms-validate wpforms-form wpforms-ajax-form\" data-formid=\"3507\" method=\"post\" enctype=\"multipart\/form-data\" action=\"\/fr\/wp-json\/wp\/v2\/pages\/3539\" data-token=\"101a0f7df1f3411146f5e94c61e53fff\"><noscript class=\"wpforms-error-noscript\">Veuillez activer JavaScript dans votre navigateur pour remplir ce formulaire.<\/noscript><div class=\"wpforms-hidden\" id=\"wpforms-error-noscript\">Veuillez activer JavaScript dans votre navigateur pour remplir ce formulaire.<\/div><div class=\"wpforms-field-container\"><div id=\"wpforms-3507-field_28-container\" class=\"wpforms-field wpforms-field-layout\" data-field-id=\"28\"><label class=\"wpforms-field-label wpforms-label-hide\" for=\"wpforms-3507-field_28\" aria-hidden=\"false\">Mise en page (copier)<\/label><div class=\"wpforms-field-layout-columns wpforms-field-layout-preset-50-50\"><div class=\"wpforms-layout-column wpforms-layout-column-50\"><div id=\"wpforms-3507-field_29-container\" class=\"wpforms-field wpforms-field-text\" data-field-id=\"29\"><input type=\"text\" id=\"wpforms-3507-field_29\" class=\"wpforms-field-medium wpforms-field-required\" name=\"wpforms[fields][29]\" placeholder=\"Nom\" aria-errormessage=\"wpforms-3507-field_29-error\" required><\/div><div id=\"wpforms-3507-field_30-container\" class=\"wpforms-field wpforms-field-email\" data-field-id=\"30\"><input type=\"email\" id=\"wpforms-3507-field_30\" class=\"wpforms-field-medium wpforms-field-required\" name=\"wpforms[fields][30]\" placeholder=\"E-mail \" spellcheck=\"false\" aria-errormessage=\"wpforms-3507-field_30-error\" required><\/div><\/div><div class=\"wpforms-layout-column wpforms-layout-column-50\"><div id=\"wpforms-3507-field_31-container\" class=\"wpforms-field wpforms-field-text\" data-field-id=\"31\"><input type=\"text\" id=\"wpforms-3507-field_31\" class=\"wpforms-field-medium wpforms-field-required\" name=\"wpforms[fields][31]\" placeholder=\"Pr\u00e9nom\" aria-errormessage=\"wpforms-3507-field_31-error\" required><\/div><div id=\"wpforms-3507-field_32-container\" class=\"wpforms-field wpforms-field-phone\" data-field-id=\"32\"><input type=\"tel\" id=\"wpforms-3507-field_32\" class=\"wpforms-field-medium wpforms-field-required wpforms-smart-phone-field\" data-rule-smart-phone-field=\"true\" name=\"wpforms[fields][32]\" placeholder=\"T\u00e9l\u00e9phone\" aria-errormessage=\"wpforms-3507-field_32-error\" required><\/div><\/div><\/div><\/div><div id=\"wpforms-3507-field_19-container\" class=\"wpforms-field wpforms-field-layout\" data-field-id=\"19\"><label class=\"wpforms-field-label wpforms-label-hide\" for=\"wpforms-3507-field_19\" aria-hidden=\"false\">Mise en page<\/label><div class=\"wpforms-field-layout-columns wpforms-field-layout-preset-33-33-33\"><div class=\"wpforms-layout-column wpforms-layout-column-33\"><div id=\"wpforms-3507-field_21-container\" class=\"wpforms-field wpforms-field-text\" data-field-id=\"21\"><input type=\"text\" id=\"wpforms-3507-field_21\" class=\"wpforms-field-medium wpforms-field-required\" name=\"wpforms[fields][21]\" placeholder=\"Marque\" aria-errormessage=\"wpforms-3507-field_21-error\" required><\/div><\/div><div class=\"wpforms-layout-column wpforms-layout-column-33\"><div id=\"wpforms-3507-field_22-container\" class=\"wpforms-field wpforms-field-text\" data-field-id=\"22\"><input type=\"text\" id=\"wpforms-3507-field_22\" class=\"wpforms-field-medium wpforms-field-required\" name=\"wpforms[fields][22]\" placeholder=\"Cylindr\u00e9e\" aria-errormessage=\"wpforms-3507-field_22-error\" required><\/div><\/div><div class=\"wpforms-layout-column wpforms-layout-column-33\"><div id=\"wpforms-3507-field_20-container\" class=\"wpforms-field wpforms-field-text\" data-field-id=\"20\"><input type=\"text\" id=\"wpforms-3507-field_20\" class=\"wpforms-field-medium wpforms-field-required\" name=\"wpforms[fields][20]\" placeholder=\"Mod\u00e8le\" aria-errormessage=\"wpforms-3507-field_20-error\" required><\/div><\/div><\/div><\/div><div id=\"wpforms-3507-field_23-container\" class=\"wpforms-field wpforms-field-layout\" data-field-id=\"23\"><label class=\"wpforms-field-label wpforms-label-hide\" for=\"wpforms-3507-field_23\" aria-hidden=\"false\">Mise en page (copier)<\/label><div class=\"wpforms-field-layout-columns wpforms-field-layout-preset-33-33-33\"><div class=\"wpforms-layout-column wpforms-layout-column-33\"><div id=\"wpforms-3507-field_24-container\" class=\"wpforms-field wpforms-field-text\" data-field-id=\"24\"><input type=\"text\" id=\"wpforms-3507-field_24\" class=\"wpforms-field-medium wpforms-field-required\" name=\"wpforms[fields][24]\" placeholder=\"Immatriculation\" aria-errormessage=\"wpforms-3507-field_24-error\" required><\/div><\/div><div class=\"wpforms-layout-column wpforms-layout-column-33\"><div id=\"wpforms-3507-field_25-container\" class=\"wpforms-field wpforms-field-text\" data-field-id=\"25\"><input type=\"text\" id=\"wpforms-3507-field_25\" class=\"wpforms-field-medium wpforms-field-required\" name=\"wpforms[fields][25]\" placeholder=\"Ann\u00e9e\" aria-errormessage=\"wpforms-3507-field_25-error\" required><\/div><\/div><div class=\"wpforms-layout-column wpforms-layout-column-33\"><div id=\"wpforms-3507-field_26-container\" class=\"wpforms-field wpforms-field-text\" data-field-id=\"26\"><input type=\"text\" id=\"wpforms-3507-field_26\" class=\"wpforms-field-medium wpforms-field-required\" name=\"wpforms[fields][26]\" placeholder=\"Kilom\u00e9trage\" aria-errormessage=\"wpforms-3507-field_26-error\" required><\/div><\/div><\/div><\/div><div id=\"wpforms-3507-field_14-container\" class=\"wpforms-field wpforms-field-layout\" data-field-id=\"14\"><label class=\"wpforms-field-label wpforms-label-hide\" for=\"wpforms-3507-field_14\" aria-hidden=\"false\">Mise en page<\/label><div class=\"wpforms-field-layout-columns wpforms-field-layout-preset-50-50\"><div class=\"wpforms-layout-column wpforms-layout-column-50\"><div id=\"wpforms-3507-field_33-container\" class=\"wpforms-field wpforms-field-date-time\" data-field-id=\"33\"><div class=\"wpforms-datepicker-wrap\"><input type=\"text\" id=\"wpforms-3507-field_33\" class=\"wpforms-field-date-time-date wpforms-datepicker wpforms-field-required wpforms-field-medium\" data-date-format=\"m\/d\/Y\" data-disable-past-dates=\"0\" data-input=\"true\" name=\"wpforms[fields][33][date]\" placeholder=\"S\u00e9lectionnez une Date\" aria-errormessage=\"wpforms-3507-field_33-error\" required><a title=\"Effacer la date\" data-clear class=\"wpforms-datepicker-clear\" style=\"display:none;\"><\/a><\/div><\/div><\/div><div class=\"wpforms-layout-column wpforms-layout-column-50\"><div id=\"wpforms-3507-field_34-container\" class=\"wpforms-field wpforms-field-text\" data-field-id=\"34\"><input type=\"text\" id=\"wpforms-3507-field_34\" class=\"wpforms-field-medium wpforms-field-required\" name=\"wpforms[fields][34]\" placeholder=\"S\u00e9lectionnez une Heure\" aria-errormessage=\"wpforms-3507-field_34-error\" required><\/div><\/div><\/div><\/div><div id=\"wpforms-3507-field_38-container\" class=\"wpforms-field wpforms-field-textarea\" data-field-id=\"38\"><textarea id=\"wpforms-3507-field_38\" class=\"wpforms-field-medium\" name=\"wpforms[fields][38]\" placeholder=\"Dites nous en plus sur votre demande : quelle intervention souhait\u00e9e, quel devis souhaitez-vous ? \" aria-errormessage=\"wpforms-3507-field_38-error\" ><\/textarea><\/div><div id=\"wpforms-3507-field_39-container\" class=\"wpforms-field wpforms-field-checkbox\" data-field-id=\"39\"><fieldset><legend class=\"wpforms-field-label\"><\/legend><ul id=\"wpforms-3507-field_39\"><li class=\"choice-1 depth-1 wpforms-selected\"><input type=\"checkbox\" id=\"wpforms-3507-field_39_1\" name=\"wpforms[fields][39][]\" value=\"En envoyant ce formulaire, vous acceptez que vos informations soient utilis\u00e9es dans le cadre de votre demande de contact.\" aria-errormessage=\"wpforms-3507-field_39_1-error\"   checked='checked'><label class=\"wpforms-field-label-inline\" for=\"wpforms-3507-field_39_1\">En envoyant ce formulaire, vous acceptez que vos informations soient utilis\u00e9es dans le cadre de votre demande de contact.<\/label><\/li><\/ul><\/fieldset><\/div><\/div><!-- .wpforms-field-container --><div class=\"wpforms-submit-container\" ><input type=\"hidden\" name=\"wpforms[id]\" value=\"3507\"><input type=\"hidden\" name=\"wpforms[author]\" value=\"1\"><button type=\"submit\" name=\"wpforms[submit]\" id=\"wpforms-submit-3507\" class=\"wpforms-submit\" data-alt-text=\"En cours d&#039;envoi ...\" data-submit-text=\"ENVOYER LA DEMANDE\" aria-live=\"assertive\" value=\"wpforms-submit\">ENVOYER LA DEMANDE<\/button><img loading=\"lazy\" decoding=\"async\" src=\"https:\/\/cfmoto.tn\/fr\/wp-content\/plugins\/wpforms\/assets\/images\/submit-spin.svg\" class=\"wpforms-submit-spinner\" style=\"display: none;\" width=\"26\" height=\"26\" alt=\"Chargement en cours\"><\/div><\/form><\/div>  <!-- .wpforms-container -->\t\t<\/div>\n\t\t\t\t<\/div>\n\t\t\t\t\t<\/div>\n\t\t<\/div>\n\t\t\t\t\t\t\t<\/div>\n\t\t<\/section>\n\t\t\t\t\t\t\t<\/div>\n\t\t","protected":false},"excerpt":{"rendered":"<p>Notre objectif, vous donner satisfaction, quel que soit votre besoin. Entretien de vos motos Faites entretenir votre moto dans notre atelier CFMOTO TUNISIA Nous vous proposons des tarifs d\u2019entretien clairs et d\u00e9taill\u00e9s, Nos m\u00e9caniciens sont des techniciens comp\u00e9tents, form\u00e9s continuellement aux nouvelles technologies, aguerris \u00e0 un diagnostic exact. Ils sont \u00e9quip\u00e9s de tous les outils [&hellip;]<\/p>\n","protected":false},"author":1,"featured_media":0,"parent":0,"menu_order":0,"comment_status":"closed","ping_status":"closed","template":"","meta":{"footnotes":""},"class_list":["post-3539","page","type-page","status-publish","hentry"],"aioseo_notices":[],"_links":{"self":[{"href":"https:\/\/cfmoto.tn\/fr\/wp-json\/wp\/v2\/pages\/3539","targetHints":{"allow":["GET"]}}],"collection":[{"href":"https:\/\/cfmoto.tn\/fr\/wp-json\/wp\/v2\/pages"}],"about":[{"href":"https:\/\/cfmoto.tn\/fr\/wp-json\/wp\/v2\/types\/page"}],"author":[{"embeddable":true,"href":"https:\/\/cfmoto.tn\/fr\/wp-json\/wp\/v2\/users\/1"}],"replies":[{"embeddable":true,"href":"https:\/\/cfmoto.tn\/fr\/wp-json\/wp\/v2\/comments?post=3539"}],"version-history":[{"count":16,"href":"https:\/\/cfmoto.tn\/fr\/wp-json\/wp\/v2\/pages\/3539\/revisions"}],"predecessor-version":[{"id":3570,"href":"https:\/\/cfmoto.tn\/fr\/wp-json\/wp\/v2\/pages\/3539\/revisions\/3570"}],"wp:attachment":[{"href":"https:\/\/cfmoto.tn\/fr\/wp-json\/wp\/v2\/media?parent=3539"}],"curies":[{"name":"wp","href":"https:\/\/api.w.org\/{rel}","templated":true}]}}