{"id":3758,"date":"2025-01-21T09:26:22","date_gmt":"2025-01-21T09:26:22","guid":{"rendered":"https:\/\/cfmoto.tn\/fr\/?post_type=product&#038;p=3758"},"modified":"2025-01-30T08:01:14","modified_gmt":"2025-01-30T08:01:14","slug":"support-smartphone","status":"publish","type":"product","link":"https:\/\/cfmoto.tn\/fr\/product\/support-smartphone\/","title":{"rendered":"Support smartphone"},"content":{"rendered":"<div class=\"elementor-element elementor-element-6218a9e elementor-widget elementor-widget-heading\" data-id=\"6218a9e\" data-element_type=\"widget\" data-widget_type=\"heading.default\">\n<div class=\"elementor-widget-container\"><\/div>\n<\/div>\n<div class=\"elementor-element elementor-element-264ff0d elementor-widget elementor-widget-text-editor\" data-id=\"264ff0d\" data-element_type=\"widget\" data-widget_type=\"text-editor.default\">\n<div class=\"elementor-widget-container\">\n<p>Prix TTC indicatif, hors frais de transport et de montage. Le d\u00e9lai de livraison peut varier en fonction de la taille de l\u2019accessoire. Les informations relatives aux produits et accessoires pr\u00e9sent\u00e9s sur ce site sont donn\u00e9es \u00e0 titre indicatif et peuvent \u00eatre modifi\u00e9es sans avis pr\u00e9alable. Elles peuvent varier selon les r\u00e9glementations et exigences locales. Ces informations ne sauraient \u00eatre consid\u00e9r\u00e9es comme constituant une offre contractuelle \u00e9manant de CFMOTO Tunisia, de ses filiales ou des concessionnaires de son r\u00e9seau.<\/p>\n<p>De m\u00eame, les prix sont indiqu\u00e9s \u00e0 titre indicatif et n\u2019ont pas de valeur contractuelle. Des erreurs ou omissions peuvent survenir. Pour plus d\u2019informations sur le produit et conna\u00eetre sa disponibilit\u00e9, consultez votre concessionnaire CFMOTO.<\/p>\n<\/div>\n<\/div>\n","protected":false},"excerpt":{"rendered":"<p><span style=\"color: #ff0000;\"><strong>Prix: 170.000 DT<\/strong><\/span><\/p>\n<p>Le Support SHAD pour Smartphone est l\u00b4accessoire parfait pour les motards qui font des balades ou simplement pour le centre-ville. \u00c9tanche, le support smartphone est fabriqu\u00e9 de fa\u00e7on extr\u00eamement robuste et pratique. Le support Smartphone se fixe sur le guidon, de fa\u00e7on simple et rapide, gr\u00e2ce \u00e0 sa fixation ajustable. La base peut tourner \u00e0 360\u00b0. Les fermetures imperm\u00e9ables permettent que le support soit utilis\u00e9 par tous types de climats, et son \u00e9cran tactile est fonctionnel gr\u00e2ce \u00e0 son film transparent. Il offre un maximum de protection pour votre t\u00e9l\u00e9phone. Dimensions : 180x90MM<\/p>\n","protected":false},"featured_media":4280,"template":"","meta":[],"product_brand":[],"product_cat":[68,69,65,71,63,61,66],"product_tag":[],"class_list":{"0":"post-3758","1":"product","2":"type-product","3":"status-publish","4":"has-post-thumbnail","6":"product_cat-300nk","7":"product_cat-650gt","8":"product_cat-700cl-x-adventure","9":"product_cat-700cl-x-sport","10":"product_cat-700mt","11":"product_cat-800mt-explore","12":"product_cat-800nk","14":"first","15":"instock","16":"shipping-taxable","17":"product-type-simple"},"aioseo_notices":[],"_links":{"self":[{"href":"https:\/\/cfmoto.tn\/fr\/wp-json\/wp\/v2\/product\/3758","targetHints":{"allow":["GET"]}}],"collection":[{"href":"https:\/\/cfmoto.tn\/fr\/wp-json\/wp\/v2\/product"}],"about":[{"href":"https:\/\/cfmoto.tn\/fr\/wp-json\/wp\/v2\/types\/product"}],"wp:featuredmedia":[{"embeddable":true,"href":"https:\/\/cfmoto.tn\/fr\/wp-json\/wp\/v2\/media\/4280"}],"wp:attachment":[{"href":"https:\/\/cfmoto.tn\/fr\/wp-json\/wp\/v2\/media?parent=3758"}],"wp:term":[{"taxonomy":"product_brand","embeddable":true,"href":"https:\/\/cfmoto.tn\/fr\/wp-json\/wp\/v2\/product_brand?post=3758"},{"taxonomy":"product_cat","embeddable":true,"href":"https:\/\/cfmoto.tn\/fr\/wp-json\/wp\/v2\/product_cat?post=3758"},{"taxonomy":"product_tag","embeddable":true,"href":"https:\/\/cfmoto.tn\/fr\/wp-json\/wp\/v2\/product_tag?post=3758"}],"curies":[{"name":"wp","href":"https:\/\/api.w.org\/{rel}","templated":true}]}}